{"id":1999,"date":"2016-11-15T14:52:33","date_gmt":"2016-11-15T14:52:33","guid":{"rendered":"http:\/\/smartwpress.com\/lucille\/?page_id=1999"},"modified":"2021-10-01T09:35:18","modified_gmt":"2021-10-01T07:35:18","slug":"main-page","status":"publish","type":"page","link":"https:\/\/www.igor-herbut.pl\/","title":{"rendered":"Strona g\u0142\u00f3wna"},"content":{"rendered":"<p>[vc_row][vc_column][rev_slider_vc alias=&#8221;SliderMainDemo&#8221;][\/vc_column][\/vc_row][vc_row][vc_column][vc_row_inner css=&#8221;.vc_custom_1537303468844{margin-top: 80px !important;margin-bottom: 60px !important;}&#8221; el_id=&#8221;oigorze&#8221;][vc_column_inner]\t\r\n\t<div class=\"lc_vc_section_title text_center\">\r\n\t\t<h2 class=\"section_title\"> <span class=\"lc_vibrant_color\">O Igorze<\/span><\/h2>\r\n\t\t<h4 class=\"section_subtitle\"><\/h4>\r\n\t<\/div>\r\n\t\r\n\t[\/vc_column_inner][\/vc_row_inner][vc_row_inner css=&#8221;.vc_custom_1480013713667{margin-top: 60px !important;margin-bottom: 80px !important;}&#8221;][vc_column_inner width=&#8221;1\/6&#8243;][\/vc_column_inner][vc_column_inner width=&#8221;2\/3&#8243;][vc_column_text]Igor Herbut, lider grupy LemON. Kompozytor, wokalista, autor tekst\u00f3w, producent wszystkich czterech album\u00f3w zespo\u0142u. Ma na koncie wiele nagr\u00f3d, z\u0142otych i platynowych p\u0142yt, a tak\u017ce trzy nominacje do Fryderyka. Pochodzi z Przemkowa w zachodniej Polsce, ale jego korzenie si\u0119gaj\u0105 Beskidu Niskiego, sk\u0105d wywodzi si\u0119 jego rodzina. \u0141emkowskie tradycje, w kt\u00f3rych zosta\u0142 wychowany do tej pory silnie odciskaj\u0105 si\u0119 w muzyce kt\u00f3r\u0105 tworzy. Wschodnie harmonie, za\u015bpiewy, g\u00f3ralska charyzma i ci\u0119\u017cka do ukrycia nostalgia &#8211; to elementy, wobec kt\u00f3rych nie spos\u00f3b przej\u015b\u0107 oboj\u0119tnie w tw\u00f3rczo\u015bci dwudziesiedmioletniego artysty. Grupa LemON, kt\u00f3r\u0105 stworzy\u0142 w 2012 roku, jest w tej chwili jednym z najpopularniejszych zespo\u0142\u00f3w w kraju, koncertuj\u0105cym bezustannie od ponad pi\u0119ciu lat. Dzi\u0119ki swojej niespo\u017cytej energii i wyj\u0105tkowej emocjonalno\u015bci, kt\u00f3r\u0105 potrafi przeku\u0107 na d\u017awi\u0119ki i s\u0142owa, Igorowi uda\u0142o si\u0119 osi\u0105gn\u0105\u0107 komercyjny sukces &#8211; swoj\u0105 niekomercyjn\u0105 muzyk\u0105. Jego warsztat wokalny (b\u0119d\u0105cy wypadkow\u0105 \u0142emkowskich tradycji, studi\u00f3w jazzowych na Uniwersytecie Zielonog\u00f3rskim oraz w\u0142asnych poszukiwa\u0144) i niespotykan\u0105 barw\u0119 g\u0142osu docenili nie tylko s\u0142uchacze, ale i najwi\u0119ksze muzyczne autorytety w kraju. Igor zosta\u0142 zaproszony do wsp\u00f3\u0142pracy \u00a0z takimi artystami jak m.in. Hey i Kasia Nosowska, Kayah, Zakopower, Adam Sztaba, Agnieszka Chyli\u0144ska, Jan Borysewicz. Najnowsza, czwarta p\u0142yta zespo\u0142u zatytu\u0142owana ,,TU&#8221; przypiecz\u0119towa\u0142a wysok\u0105 pozycj\u0119 LemON w bran\u017cy i jest uznawana za jedno z najciekawszych wydawnictw ubieg\u0142ego roku.[\/vc_column_text][\/vc_column_inner][vc_column_inner width=&#8221;1\/6&#8243;][\/vc_column_inner][\/vc_row_inner][\/vc_column][\/vc_row][vc_row][vc_column][vc_row_inner disable_element=&#8221;yes&#8221; css=&#8221;.vc_custom_1537461083020{margin-top: 20px !important;margin-bottom: 60px !important;}&#8221; el_id=&#8221;dyskografia&#8221;][vc_column_inner]\t\r\n\t<div class=\"lc_vc_section_title text_center\">\r\n\t\t<h2 class=\"section_title\"><span class=\"lc_vibrant_color\">Dyskografia<\/span><\/h2>\r\n\t\t<h4 class=\"section_subtitle\"><\/h4>\r\n\t<\/div>\r\n\t\r\n\t[\/vc_column_inner][\/vc_row_inner][vc_row_inner disable_element=&#8221;yes&#8221; css=&#8221;.vc_custom_1537461092233{margin-top: 60px !important;margin-bottom: 80px !important;}&#8221;][vc_column_inner width=&#8221;1\/6&#8243;][\/vc_column_inner][vc_column_inner width=&#8221;2\/3&#8243;]\t<div class=\"lc_swp_boxed clearfix\">\r\n\t\t<div class=\"album_left vc_elem_album\">\r\n\t\t\t<a href=\"https:\/\/www.igor-herbut.pl\/?js_albums=nightride\">\r\n\t\t\t\t<img width=\"500\" height=\"500\" src=\"https:\/\/www.igor-herbut.pl\/wp-content\/uploads\/2016\/11\/nightride.jpg\" class=\"attachment-post-thumbnail size-post-thumbnail wp-post-image\" alt=\"\" loading=\"lazy\" srcset=\"https:\/\/www.igor-herbut.pl\/wp-content\/uploads\/2016\/11\/nightride.jpg 500w, https:\/\/www.igor-herbut.pl\/wp-content\/uploads\/2016\/11\/nightride-150x150.jpg 150w, https:\/\/www.igor-herbut.pl\/wp-content\/uploads\/2016\/11\/nightride-300x300.jpg 300w\" sizes=\"(max-width: 500px) 100vw, 500px\" \/>\t\t\t<\/a>\r\n\t\t<\/div>\r\n\t\t\r\n\t\t<div class=\"album_right vc_elem_album\">\r\n\t\t\t<div class=\"album_tracks\"><div class=\"single_track\"><div class=\"track_name\"><span class=\"track_order\">1.<\/span>Key To The Highway<\/div><!--[if lt IE 9]><script>document.createElement('audio');<\/script><![endif]-->\n<audio class=\"wp-audio-shortcode\" id=\"audio-1999-1\" preload=\"none\" style=\"width: 100%;\" controls=\"controls\"><source type=\"audio\/mpeg\" src=\"https:\/\/www.igor-herbut.pl\/wp-content\/uploads\/2016\/11\/Keith-Richards-with-Eric-Clapton-Key-To-The-Highway.mp3?_=1\" \/><a href=\"https:\/\/www.igor-herbut.pl\/wp-content\/uploads\/2016\/11\/Keith-Richards-with-Eric-Clapton-Key-To-The-Highway.mp3\">https:\/\/www.igor-herbut.pl\/wp-content\/uploads\/2016\/11\/Keith-Richards-with-Eric-Clapton-Key-To-The-Highway.mp3<\/a><\/audio><\/div><div class=\"single_track\"><div class=\"track_name\"><span class=\"track_order\">2.<\/span>Paint It Black<\/div><audio class=\"wp-audio-shortcode\" id=\"audio-1999-2\" preload=\"none\" style=\"width: 100%;\" controls=\"controls\"><source type=\"audio\/mpeg\" src=\"https:\/\/www.igor-herbut.pl\/wp-content\/uploads\/2016\/11\/The-Rolling-Stones-Paint-It-Black.mp3?_=2\" \/><a href=\"https:\/\/www.igor-herbut.pl\/wp-content\/uploads\/2016\/11\/The-Rolling-Stones-Paint-It-Black.mp3\">https:\/\/www.igor-herbut.pl\/wp-content\/uploads\/2016\/11\/The-Rolling-Stones-Paint-It-Black.mp3<\/a><\/audio><\/div><\/div><div class=\"small_content_padding\"><\/div>\t\t\t<div class=\"lc_event_entry text_left\">\r\n\t\t\t\t\t\t\t\t\t<div class=\"lc_button album_buy_from\">\r\n\t\t\t\t\t\t<a href=\"http:\/\/www.amazon.com\">\r\n\t\t\t\t\t\t\tBuy It From Amazon\t\t\t\t\t\t<\/a>\r\n\t\t\t\t\t<\/div>\r\n\t\t\t\t\r\n\t\t\t\t\t\t\t\t\t<div class=\"lc_button album_buy_from\">\r\n\t\t\t\t\t\t<a href=\"http:\/\/itunes.apple.com\">\r\n\t\t\t\t\t\t\tBuy It From iTunes\t\t\t\t\t\t<\/a>\r\n\t\t\t\t\t<\/div>\r\n\t\t\t\t\r\n\t\t\t\t\r\n\t\t\t\t\r\n\t\t\t\t\r\n\t\t\t\t\t\t\t<\/div>\t\t\t\r\n\t\t<\/div>\r\n\t\t\r\n\t<\/div>\r\n[\/vc_column_inner][vc_column_inner width=&#8221;1\/6&#8243;][\/vc_column_inner][\/vc_row_inner][\/vc_column][\/vc_row][vc_row js_color_overlay=&#8221;#1b1b1b&#8221;][vc_column css=&#8221;.vc_custom_1479811878528{margin-top: 0px !important;}&#8221;][vc_row_inner css=&#8221;.vc_custom_1537462790308{margin-top: 80px !important;margin-bottom: 60px !important;background-color: rgba(0,0,0,0.01) !important;background-position: center !important;background-repeat: no-repeat !important;background-size: cover !important;*background-color: rgb(0,0,0) !important;}&#8221; el_id=&#8221;trasa&#8221;][vc_column_inner]\t\r\n\t<div class=\"lc_vc_section_title text_center\">\r\n\t\t<h2 class=\"section_title\">Nadchodz\u0105ce <span class=\"lc_vibrant_color\">Koncerty<\/span><\/h2>\r\n\t\t<h4 class=\"section_subtitle\"><\/h4>\r\n\t<\/div>\r\n\t\r\n\t<div class=\"lc_button button_center\"><a href=\"https:\/\/www.eventim.pl\/artist\/igor-herbut\/\" alt=\"Zam\u00f3w bilet na tras\u0119 z solowym albumem pt. ,,Chrust``\">Zam\u00f3w bilet na tras\u0119 z solowym albumem pt. ,,Chrust``<\/a><\/div>[\/vc_column_inner][\/vc_row_inner][\/vc_column][\/vc_row][vc_row js_color_overlay=&#8221;#1b1b1b&#8221;][vc_column][vc_row_inner css=&#8221;.vc_custom_1537303499473{margin-top: 80px !important;margin-bottom: 60px !important;}&#8221; el_id=&#8221;galeria&#8221;][vc_column_inner]\t\r\n\t<div class=\"lc_vc_section_title text_center\">\r\n\t\t<h2 class=\"section_title\">Galeria <span class=\"lc_vibrant_color\">Zdj\u0119\u0107<\/span><\/h2>\r\n\t\t<h4 class=\"section_subtitle\">Igor Herbut<\/h4>\r\n\t<\/div>\r\n\t\r\n\t[\/vc_column_inner][\/vc_row_inner][vc_row_inner css=&#8221;.vc_custom_1480065929541{margin-top: 0px !important;padding-bottom: 80px !important;}&#8221;][vc_column_inner]<div class=\"lc_swp_justified_gallery\" data-rheight=\"250\"><div class=\"img_box\"><div class=\"gallery_brick_overlay\"><\/div><a href=\"https:\/\/www.igor-herbut.pl\/wp-content\/uploads\/2018\/09\/zdjecie-glowne_3-1.png\" data-lightbox=\"photoAlbum1108612127\"><img width=\"1920\" height=\"1080\" src=\"https:\/\/www.igor-herbut.pl\/wp-content\/uploads\/2018\/09\/zdjecie-glowne_3-1.png\" class=\"attachment-full size-full\" alt=\"\" loading=\"lazy\" srcset=\"https:\/\/www.igor-herbut.pl\/wp-content\/uploads\/2018\/09\/zdjecie-glowne_3-1.png 1920w, https:\/\/www.igor-herbut.pl\/wp-content\/uploads\/2018\/09\/zdjecie-glowne_3-1-300x169.png 300w, https:\/\/www.igor-herbut.pl\/wp-content\/uploads\/2018\/09\/zdjecie-glowne_3-1-768x432.png 768w, https:\/\/www.igor-herbut.pl\/wp-content\/uploads\/2018\/09\/zdjecie-glowne_3-1-1024x576.png 1024w\" sizes=\"(max-width: 1920px) 100vw, 1920px\" \/><\/a><\/div><div class=\"img_box\"><div class=\"gallery_brick_overlay\"><\/div><a href=\"https:\/\/www.igor-herbut.pl\/wp-content\/uploads\/Micha\u0105-Buddabar-fot-18.jpg\" data-lightbox=\"photoAlbum1108612127\"><img width=\"4000\" height=\"2703\" src=\"https:\/\/www.igor-herbut.pl\/wp-content\/uploads\/Micha\u0105-Buddabar-fot-18.jpg\" class=\"attachment-full size-full\" alt=\"\" loading=\"lazy\" srcset=\"https:\/\/www.igor-herbut.pl\/wp-content\/uploads\/Micha\u0105-Buddabar-fot-18.jpg 4000w, https:\/\/www.igor-herbut.pl\/wp-content\/uploads\/Micha\u0105-Buddabar-fot-18-300x203.jpg 300w, https:\/\/www.igor-herbut.pl\/wp-content\/uploads\/Micha\u0105-Buddabar-fot-18-768x519.jpg 768w, https:\/\/www.igor-herbut.pl\/wp-content\/uploads\/Micha\u0105-Buddabar-fot-18-1024x692.jpg 1024w\" sizes=\"(max-width: 4000px) 100vw, 4000px\" \/><\/a><\/div><div class=\"img_box\"><div class=\"gallery_brick_overlay\"><\/div><a href=\"https:\/\/www.igor-herbut.pl\/wp-content\/uploads\/2018\/09\/zdjecie-glowne_2.png\" data-lightbox=\"photoAlbum1108612127\"><img width=\"1920\" height=\"1080\" src=\"https:\/\/www.igor-herbut.pl\/wp-content\/uploads\/2018\/09\/zdjecie-glowne_2.png\" class=\"attachment-full size-full\" alt=\"\" loading=\"lazy\" srcset=\"https:\/\/www.igor-herbut.pl\/wp-content\/uploads\/2018\/09\/zdjecie-glowne_2.png 1920w, https:\/\/www.igor-herbut.pl\/wp-content\/uploads\/2018\/09\/zdjecie-glowne_2-300x169.png 300w, https:\/\/www.igor-herbut.pl\/wp-content\/uploads\/2018\/09\/zdjecie-glowne_2-768x432.png 768w, https:\/\/www.igor-herbut.pl\/wp-content\/uploads\/2018\/09\/zdjecie-glowne_2-1024x576.png 1024w\" sizes=\"(max-width: 1920px) 100vw, 1920px\" \/><\/a><\/div><div class=\"img_box\"><div class=\"gallery_brick_overlay\"><\/div><a href=\"https:\/\/www.igor-herbut.pl\/wp-content\/uploads\/2018\/09\/zdjecie-glowne_1.png\" data-lightbox=\"photoAlbum1108612127\"><img width=\"1920\" height=\"1080\" src=\"https:\/\/www.igor-herbut.pl\/wp-content\/uploads\/2018\/09\/zdjecie-glowne_1.png\" class=\"attachment-full size-full\" alt=\"\" loading=\"lazy\" srcset=\"https:\/\/www.igor-herbut.pl\/wp-content\/uploads\/2018\/09\/zdjecie-glowne_1.png 1920w, https:\/\/www.igor-herbut.pl\/wp-content\/uploads\/2018\/09\/zdjecie-glowne_1-300x169.png 300w, https:\/\/www.igor-herbut.pl\/wp-content\/uploads\/2018\/09\/zdjecie-glowne_1-768x432.png 768w, https:\/\/www.igor-herbut.pl\/wp-content\/uploads\/2018\/09\/zdjecie-glowne_1-1024x576.png 1024w\" sizes=\"(max-width: 1920px) 100vw, 1920px\" \/><\/a><\/div><div class=\"img_box\"><div class=\"gallery_brick_overlay\"><\/div><a href=\"https:\/\/www.igor-herbut.pl\/wp-content\/uploads\/Micha\u0105-Buddabar-fot-7.jpg\" data-lightbox=\"photoAlbum1108612127\"><img width=\"4000\" height=\"4000\" src=\"https:\/\/www.igor-herbut.pl\/wp-content\/uploads\/Micha\u0105-Buddabar-fot-7.jpg\" class=\"attachment-full size-full\" alt=\"\" loading=\"lazy\" srcset=\"https:\/\/www.igor-herbut.pl\/wp-content\/uploads\/Micha\u0105-Buddabar-fot-7.jpg 4000w, https:\/\/www.igor-herbut.pl\/wp-content\/uploads\/Micha\u0105-Buddabar-fot-7-150x150.jpg 150w, https:\/\/www.igor-herbut.pl\/wp-content\/uploads\/Micha\u0105-Buddabar-fot-7-300x300.jpg 300w, https:\/\/www.igor-herbut.pl\/wp-content\/uploads\/Micha\u0105-Buddabar-fot-7-768x768.jpg 768w, https:\/\/www.igor-herbut.pl\/wp-content\/uploads\/Micha\u0105-Buddabar-fot-7-1024x1024.jpg 1024w\" sizes=\"(max-width: 4000px) 100vw, 4000px\" \/><\/a><\/div><div class=\"img_box\"><div class=\"gallery_brick_overlay\"><\/div><a href=\"https:\/\/www.igor-herbut.pl\/wp-content\/uploads\/2018\/09\/FullSizeRender-13-1.jpg\" data-lightbox=\"photoAlbum1108612127\"><img width=\"2938\" height=\"2203\" src=\"https:\/\/www.igor-herbut.pl\/wp-content\/uploads\/2018\/09\/FullSizeRender-13-1.jpg\" class=\"attachment-full size-full\" alt=\"\" loading=\"lazy\" srcset=\"https:\/\/www.igor-herbut.pl\/wp-content\/uploads\/2018\/09\/FullSizeRender-13-1.jpg 2938w, https:\/\/www.igor-herbut.pl\/wp-content\/uploads\/2018\/09\/FullSizeRender-13-1-300x225.jpg 300w, https:\/\/www.igor-herbut.pl\/wp-content\/uploads\/2018\/09\/FullSizeRender-13-1-768x576.jpg 768w, https:\/\/www.igor-herbut.pl\/wp-content\/uploads\/2018\/09\/FullSizeRender-13-1-1024x768.jpg 1024w\" sizes=\"(max-width: 2938px) 100vw, 2938px\" \/><\/a><\/div><div class=\"img_box\"><div class=\"gallery_brick_overlay\"><\/div><a href=\"https:\/\/www.igor-herbut.pl\/wp-content\/uploads\/Micha\u0105-Buddabar-fot-20.jpg\" data-lightbox=\"photoAlbum1108612127\"><img width=\"4000\" height=\"2652\" src=\"https:\/\/www.igor-herbut.pl\/wp-content\/uploads\/Micha\u0105-Buddabar-fot-20.jpg\" class=\"attachment-full size-full\" alt=\"\" loading=\"lazy\" srcset=\"https:\/\/www.igor-herbut.pl\/wp-content\/uploads\/Micha\u0105-Buddabar-fot-20.jpg 4000w, https:\/\/www.igor-herbut.pl\/wp-content\/uploads\/Micha\u0105-Buddabar-fot-20-300x199.jpg 300w, https:\/\/www.igor-herbut.pl\/wp-content\/uploads\/Micha\u0105-Buddabar-fot-20-768x509.jpg 768w, https:\/\/www.igor-herbut.pl\/wp-content\/uploads\/Micha\u0105-Buddabar-fot-20-1024x679.jpg 1024w\" sizes=\"(max-width: 4000px) 100vw, 4000px\" \/><\/a><\/div><div class=\"img_box\"><div class=\"gallery_brick_overlay\"><\/div><a href=\"https:\/\/www.igor-herbut.pl\/wp-content\/uploads\/2018\/09\/FullSizeRender-11.jpg\" data-lightbox=\"photoAlbum1108612127\"><img width=\"3264\" height=\"2448\" src=\"https:\/\/www.igor-herbut.pl\/wp-content\/uploads\/2018\/09\/FullSizeRender-11.jpg\" class=\"attachment-full size-full\" alt=\"\" loading=\"lazy\" srcset=\"https:\/\/www.igor-herbut.pl\/wp-content\/uploads\/2018\/09\/FullSizeRender-11.jpg 3264w, https:\/\/www.igor-herbut.pl\/wp-content\/uploads\/2018\/09\/FullSizeRender-11-300x225.jpg 300w, https:\/\/www.igor-herbut.pl\/wp-content\/uploads\/2018\/09\/FullSizeRender-11-768x576.jpg 768w, https:\/\/www.igor-herbut.pl\/wp-content\/uploads\/2018\/09\/FullSizeRender-11-1024x768.jpg 1024w\" sizes=\"(max-width: 3264px) 100vw, 3264px\" \/><\/a><\/div><div class=\"img_box\"><div class=\"gallery_brick_overlay\"><\/div><a href=\"https:\/\/www.igor-herbut.pl\/wp-content\/uploads\/2018\/09\/20170206_ZUZA_LEMON_0570.jpg\" data-lightbox=\"photoAlbum1108612127\"><img width=\"2480\" height=\"3716\" src=\"https:\/\/www.igor-herbut.pl\/wp-content\/uploads\/2018\/09\/20170206_ZUZA_LEMON_0570.jpg\" class=\"attachment-full size-full\" alt=\"\" loading=\"lazy\" srcset=\"https:\/\/www.igor-herbut.pl\/wp-content\/uploads\/2018\/09\/20170206_ZUZA_LEMON_0570.jpg 2480w, https:\/\/www.igor-herbut.pl\/wp-content\/uploads\/2018\/09\/20170206_ZUZA_LEMON_0570-200x300.jpg 200w, https:\/\/www.igor-herbut.pl\/wp-content\/uploads\/2018\/09\/20170206_ZUZA_LEMON_0570-768x1151.jpg 768w, https:\/\/www.igor-herbut.pl\/wp-content\/uploads\/2018\/09\/20170206_ZUZA_LEMON_0570-683x1024.jpg 683w\" sizes=\"(max-width: 2480px) 100vw, 2480px\" \/><\/a><\/div><div class=\"img_box\"><div class=\"gallery_brick_overlay\"><\/div><a href=\"https:\/\/www.igor-herbut.pl\/wp-content\/uploads\/2018\/09\/20170206_ZUZA_LEMON_0412-1.jpg\" data-lightbox=\"photoAlbum1108612127\"><img width=\"2480\" height=\"3716\" src=\"https:\/\/www.igor-herbut.pl\/wp-content\/uploads\/2018\/09\/20170206_ZUZA_LEMON_0412-1.jpg\" class=\"attachment-full size-full\" alt=\"\" loading=\"lazy\" srcset=\"https:\/\/www.igor-herbut.pl\/wp-content\/uploads\/2018\/09\/20170206_ZUZA_LEMON_0412-1.jpg 2480w, https:\/\/www.igor-herbut.pl\/wp-content\/uploads\/2018\/09\/20170206_ZUZA_LEMON_0412-1-200x300.jpg 200w, https:\/\/www.igor-herbut.pl\/wp-content\/uploads\/2018\/09\/20170206_ZUZA_LEMON_0412-1-768x1151.jpg 768w, https:\/\/www.igor-herbut.pl\/wp-content\/uploads\/2018\/09\/20170206_ZUZA_LEMON_0412-1-683x1024.jpg 683w\" sizes=\"(max-width: 2480px) 100vw, 2480px\" \/><\/a><\/div><div class=\"img_box\"><div class=\"gallery_brick_overlay\"><\/div><a href=\"https:\/\/www.igor-herbut.pl\/wp-content\/uploads\/2018\/09\/20170206_ZUZA_LEMON_0396.jpg\" data-lightbox=\"photoAlbum1108612127\"><img width=\"4912\" height=\"7360\" src=\"https:\/\/www.igor-herbut.pl\/wp-content\/uploads\/2018\/09\/20170206_ZUZA_LEMON_0396.jpg\" class=\"attachment-full size-full\" alt=\"\" loading=\"lazy\" srcset=\"https:\/\/www.igor-herbut.pl\/wp-content\/uploads\/2018\/09\/20170206_ZUZA_LEMON_0396.jpg 4912w, https:\/\/www.igor-herbut.pl\/wp-content\/uploads\/2018\/09\/20170206_ZUZA_LEMON_0396-200x300.jpg 200w, https:\/\/www.igor-herbut.pl\/wp-content\/uploads\/2018\/09\/20170206_ZUZA_LEMON_0396-768x1151.jpg 768w, https:\/\/www.igor-herbut.pl\/wp-content\/uploads\/2018\/09\/20170206_ZUZA_LEMON_0396-683x1024.jpg 683w\" sizes=\"(max-width: 4912px) 100vw, 4912px\" \/><\/a><\/div><div class=\"img_box\"><div class=\"gallery_brick_overlay\"><\/div><a href=\"https:\/\/www.igor-herbut.pl\/wp-content\/uploads\/2018\/09\/DSC7976.jpg\" data-lightbox=\"photoAlbum1108612127\"><img width=\"801\" height=\"1200\" src=\"https:\/\/www.igor-herbut.pl\/wp-content\/uploads\/2018\/09\/DSC7976.jpg\" class=\"attachment-full size-full\" alt=\"\" loading=\"lazy\" srcset=\"https:\/\/www.igor-herbut.pl\/wp-content\/uploads\/2018\/09\/DSC7976.jpg 801w, https:\/\/www.igor-herbut.pl\/wp-content\/uploads\/2018\/09\/DSC7976-200x300.jpg 200w, https:\/\/www.igor-herbut.pl\/wp-content\/uploads\/2018\/09\/DSC7976-768x1151.jpg 768w, https:\/\/www.igor-herbut.pl\/wp-content\/uploads\/2018\/09\/DSC7976-684x1024.jpg 684w\" sizes=\"(max-width: 801px) 100vw, 801px\" \/><\/a><\/div><div class=\"img_box\"><div class=\"gallery_brick_overlay\"><\/div><a href=\"https:\/\/www.igor-herbut.pl\/wp-content\/uploads\/2018\/09\/DSC7969.jpg\" data-lightbox=\"photoAlbum1108612127\"><img width=\"1200\" height=\"801\" src=\"https:\/\/www.igor-herbut.pl\/wp-content\/uploads\/2018\/09\/DSC7969.jpg\" class=\"attachment-full size-full\" alt=\"\" loading=\"lazy\" srcset=\"https:\/\/www.igor-herbut.pl\/wp-content\/uploads\/2018\/09\/DSC7969.jpg 1200w, https:\/\/www.igor-herbut.pl\/wp-content\/uploads\/2018\/09\/DSC7969-300x200.jpg 300w, https:\/\/www.igor-herbut.pl\/wp-content\/uploads\/2018\/09\/DSC7969-768x513.jpg 768w, https:\/\/www.igor-herbut.pl\/wp-content\/uploads\/2018\/09\/DSC7969-1024x684.jpg 1024w\" sizes=\"(max-width: 1200px) 100vw, 1200px\" \/><\/a><\/div><div class=\"img_box\"><div class=\"gallery_brick_overlay\"><\/div><a href=\"https:\/\/www.igor-herbut.pl\/wp-content\/uploads\/2018\/09\/DSC7968.jpg\" data-lightbox=\"photoAlbum1108612127\"><img width=\"1200\" height=\"801\" src=\"https:\/\/www.igor-herbut.pl\/wp-content\/uploads\/2018\/09\/DSC7968.jpg\" class=\"attachment-full size-full\" alt=\"\" loading=\"lazy\" srcset=\"https:\/\/www.igor-herbut.pl\/wp-content\/uploads\/2018\/09\/DSC7968.jpg 1200w, https:\/\/www.igor-herbut.pl\/wp-content\/uploads\/2018\/09\/DSC7968-300x200.jpg 300w, https:\/\/www.igor-herbut.pl\/wp-content\/uploads\/2018\/09\/DSC7968-768x513.jpg 768w, https:\/\/www.igor-herbut.pl\/wp-content\/uploads\/2018\/09\/DSC7968-1024x684.jpg 1024w\" sizes=\"(max-width: 1200px) 100vw, 1200px\" \/><\/a><\/div><\/div>[\/vc_column_inner][\/vc_row_inner][\/vc_column][\/vc_row][vc_row js_color_overlay=&#8221;rgba(21,21,21,0.88)&#8221; css=&#8221;.vc_custom_1537290570287{background-image: url(http:\/\/igor-herbut.pl\/wp-content\/uploads\/2018\/09\/FullSizeRender-13.jpg?id=2303) !important;background-position: center !important;background-repeat: no-repeat !important;background-size: cover !important;}&#8221;][vc_column][vc_row_inner css=&#8221;.vc_custom_1537303525170{margin-top: 80px !important;margin-bottom: 60px !important;}&#8221; el_id=&#8221;video&#8221;][vc_column_inner][\/vc_column_inner][\/vc_row_inner][vc_row_inner css=&#8221;.vc_custom_1480014213390{margin-top: 60px !important;margin-bottom: 80px !important;}&#8221;][vc_column_inner width=&#8221;1\/6&#8243;][\/vc_column_inner][vc_column_inner width=&#8221;2\/3&#8243;][vc_video link=&#8221;https:\/\/www.youtube.com\/watch?v=7A24kqm9XaM&#8221;][vc_video link=&#8221;https:\/\/www.youtube.com\/watch?v=SmqGtZ1XZhs&#8221;][vc_video link=&#8221;https:\/\/www.youtube.com\/watch?v=TBxzOkMZ10g&#8221;][vc_video link=&#8221;https:\/\/www.youtube.com\/watch?v=B57DgMknZqY&#8221;][vc_video link=&#8221;https:\/\/www.youtube.com\/watch?v=q0fjlLIuQh8&#8243;][vc_video link=&#8221;https:\/\/www.youtube.com\/watch?v=Kn8e9qnwR4U&#8221;][vc_video link=&#8221;https:\/\/www.youtube.com\/watch?v=6ZJWBhfcmKk&#8221;][vc_video link=&#8221;https:\/\/www.youtube.com\/watch?v=zdSPiZKz7tA&#8221;][vc_video link=&#8221;https:\/\/www.youtube.com\/watch?v=_TBOZJgtzb8&#8243; align=&#8221;center&#8221;][\/vc_column_inner][vc_column_inner width=&#8221;1\/6&#8243;][\/vc_column_inner][\/vc_row_inner][\/vc_column][\/vc_row][vc_row][vc_column][vc_row_inner disable_element=&#8221;yes&#8221; css=&#8221;.vc_custom_1538338492324{margin-top: 80px !important;margin-bottom: 60px !important;padding-bottom: 60px !important;background: rgba(0,0,0,0.57) url(http:\/\/igor-herbut.pl\/wp-content\/uploads\/2018\/09\/tlo22.jpg?id=2351) !important;*background-color: rgb(0,0,0) !important;}&#8221; el_id=&#8221;blog&#8221;][vc_column_inner]\t\r\n\t<div class=\"lc_vc_section_title text_center\">\r\n\t\t<h2 class=\"section_title\"><span class=\"lc_vibrant_color\"> Aktualno\u015bci<\/span><\/h2>\r\n\t\t<h4 class=\"section_subtitle\"><\/h4>\r\n\t<\/div>\r\n\t\r\n\t[vc_empty_space][\/vc_column_inner][\/vc_row_inner][\/vc_column][\/vc_row][vc_row js_color_overlay=&#8221;rgba(15,15,15,0.92)&#8221; css=&#8221;.vc_custom_1537462565655{background: rgba(221,51,51,0.43) url(http:\/\/igor-herbut.pl\/wp-content\/uploads\/2018\/09\/tlo1.png?id=2339) !important;*background-color: rgb(221,51,51) !important;}&#8221;][vc_column][vc_row_inner css=&#8221;.vc_custom_1480014278927{margin-top: 80px !important;margin-bottom: 60px !important;}&#8221;][vc_column_inner]\t\r\n\t<div class=\"lc_vc_section_title text_center\">\r\n\t\t<h2 class=\"section_title\">Skontaktuj si\u0119 <span class=\"lc_vibrant_color\">z nami<\/span><\/h2>\r\n\t\t<h4 class=\"section_subtitle\"><\/h4>\r\n\t<\/div>\r\n\t\r\n\t[\/vc_column_inner][\/vc_row_inner][vc_row_inner css=&#8221;.vc_custom_1537303542651{margin-top: 60px !important;margin-bottom: 80px !important;}&#8221; el_id=&#8221;kontakt&#8221;][vc_column_inner width=&#8221;1\/6&#8243;][\/vc_column_inner][vc_column_inner width=&#8221;1\/3&#8243;][vc_column_text]<\/p>\n<p style=\"text-align: center;\"><b>MANAGER i BOOKING<\/b><br \/>\nMagda Mendakiewicz<br \/>\n<a href=\"http:\/\/535%20087%20599\/\">535 087 599<\/a><br \/>\n<a href=\"mailto:magda@igor-herbut.pl\"><span style=\"font-size: 15px; font-style: italic;\">\u00a0<\/span>magda@igor-herbut.pl<\/a>[\/vc_column_text][\/vc_column_inner][vc_column_inner width=&#8221;1\/3&#8243;][vc_column_text]<\/p>\n<p style=\"text-align: center;\"><b>SOCIAL MEDIA<\/b><\/p>\n<p style=\"text-align: center;\"><a href=\"https:\/\/www.facebook.com\/igor.herbut.oficjalny\/\" target=\"_blank\" rel=\"noopener\">facebook.com\/igor.herbut.oficjalny\/<\/a><\/p>\n<p style=\"text-align: center;\"><a href=\"https:\/\/www.instagram.com\/aigorek\/\" target=\"_blank\" rel=\"noopener\">instagram.com\/aigorek\/<\/a><\/p>\n<p>[\/vc_column_text][\/vc_column_inner][vc_column_inner width=&#8221;1\/6&#8243;][\/vc_column_inner][\/vc_row_inner][\/vc_column][\/vc_row]<\/p>\n","protected":false},"excerpt":{"rendered":"<p>[vc_row][vc_column][rev_slider_vc alias=&#8221;SliderMainDemo&#8221;][\/vc_column][\/vc_row][vc_row][vc_column][vc_row_inner css=&#8221;.vc_custom_1537303468844{margin-top: 80px !important;margin-bottom: 60px !important;}&#8221; el_id=&#8221;oigorze&#8221;][vc_column_inner][\/vc_column_inner][\/vc_row_inner][vc_row_inner css=&#8221;.vc_custom_1480013713667{margin-top: 60px !important;margin-bottom: 80px !important;}&#8221;][vc_column_inner width=&#8221;1\/6&#8243;][\/vc_column_inner][vc_column_inner width=&#8221;2\/3&#8243;][vc_column_text]Igor Herbut, lider grupy LemON. Kompozytor, wokalista, autor tekst\u00f3w, producent wszystkich czterech album\u00f3w zespo\u0142u. Ma na koncie wiele nagr\u00f3d, z\u0142otych i platynowych p\u0142yt, a tak\u017ce trzy&#8230;<\/p>\n","protected":false},"author":3,"featured_media":0,"parent":0,"menu_order":0,"comment_status":"closed","ping_status":"closed","template":"template-visual-composer.php","meta":[],"_links":{"self":[{"href":"https:\/\/www.igor-herbut.pl\/index.php?rest_route=\/wp\/v2\/pages\/1999"}],"collection":[{"href":"https:\/\/www.igor-herbut.pl\/index.php?rest_route=\/wp\/v2\/pages"}],"about":[{"href":"https:\/\/www.igor-herbut.pl\/index.php?rest_route=\/wp\/v2\/types\/page"}],"author":[{"embeddable":true,"href":"https:\/\/www.igor-herbut.pl\/index.php?rest_route=\/wp\/v2\/users\/3"}],"replies":[{"embeddable":true,"href":"https:\/\/www.igor-herbut.pl\/index.php?rest_route=%2Fwp%2Fv2%2Fcomments&post=1999"}],"version-history":[{"count":47,"href":"https:\/\/www.igor-herbut.pl\/index.php?rest_route=\/wp\/v2\/pages\/1999\/revisions"}],"predecessor-version":[{"id":2450,"href":"https:\/\/www.igor-herbut.pl\/index.php?rest_route=\/wp\/v2\/pages\/1999\/revisions\/2450"}],"wp:attachment":[{"href":"https:\/\/www.igor-herbut.pl\/index.php?rest_route=%2Fwp%2Fv2%2Fmedia&parent=1999"}],"curies":[{"name":"wp","href":"https:\/\/api.w.org\/{rel}","templated":true}]}}